

{"id":49,"date":"2026-02-17T15:52:49","date_gmt":"2026-02-17T15:52:49","guid":{"rendered":"https:\/\/www.mo-moa.com\/?page_id=49"},"modified":"2026-02-26T16:43:17","modified_gmt":"2026-02-26T16:43:17","slug":"news-blogs","status":"publish","type":"page","link":"https:\/\/www.mo-moa.com\/de\/news-blogs\/","title":{"rendered":"Neuigkeiten &amp; Blogs"},"content":{"rendered":"<style>.elementor-49 .elementor-element.elementor-element-073ce7a{--display:flex;--min-height:401px;--flex-direction:row;--container-widget-width:calc( ( 1 - var( --container-widget-flex-grow ) ) * 100% );--container-widget-height:100%;--container-widget-flex-grow:1;--container-widget-align-self:stretch;--flex-wrap-mobile:wrap;--align-items:stretch;--gap:10px 10px;--row-gap:10px;--column-gap:10px;--overlay-opacity:0.83;--margin-top:-12px;--margin-bottom:0px;--margin-left:0px;--margin-right:0px;--padding-top:120px;--padding-bottom:0px;--padding-left:20px;--padding-right:20px;--z-index:3;}.elementor-49 .elementor-element.elementor-element-073ce7a .elementor-background-slideshow__slide__image{background-size:cover;background-position:center center;}.elementor-49 .elementor-element.elementor-element-073ce7a::before, .elementor-49 .elementor-element.elementor-element-073ce7a > .elementor-background-video-container::before, .elementor-49 .elementor-element.elementor-element-073ce7a > .e-con-inner > .elementor-background-video-container::before, .elementor-49 .elementor-element.elementor-element-073ce7a > .elementor-background-slideshow::before, .elementor-49 .elementor-element.elementor-element-073ce7a > .e-con-inner > .elementor-background-slideshow::before, .elementor-49 .elementor-element.elementor-element-073ce7a > .elementor-motion-effects-container > .elementor-motion-effects-layer::before{--background-overlay:'';background-color:transparent;background-image:linear-gradient(180deg, #000000 75%, #0D0D0DDB 100%);}.elementor-49 .elementor-element.elementor-element-5fbf148{--display:flex;--justify-content:center;--align-items:center;--container-widget-width:calc( ( 1 - var( --container-widget-flex-grow ) ) * 100% );--gap:0px 0px;--row-gap:0px;--column-gap:0px;--margin-top:0px;--margin-bottom:0px;--margin-left:0px;--margin-right:0px;--padding-top:0px;--padding-bottom:0px;--padding-left:0px;--padding-right:0px;}.elementor-widget-text-editor{font-family:var( --e-global-typography-text-font-family ), Sans-serif;font-weight:var( --e-global-typography-text-font-weight );color:var( --e-global-color-text );}.elementor-widget-text-editor.elementor-drop-cap-view-stacked .elementor-drop-cap{background-color:var( --e-global-color-primary );}.elementor-widget-text-editor.elementor-drop-cap-view-framed .elementor-drop-cap, .elementor-widget-text-editor.elementor-drop-cap-view-default .elementor-drop-cap{color:var( --e-global-color-primary );border-color:var( --e-global-color-primary );}.elementor-49 .elementor-element.elementor-element-f4f9bcc{text-align:center;color:#FFFFFF;}.elementor-49 .elementor-element.elementor-element-f4f9bcc a{color:#FFFFFF;}.elementor-49 .elementor-element.elementor-element-74e65fc{--display:flex;--justify-content:center;--align-items:center;--container-widget-width:calc( ( 1 - var( --container-widget-flex-grow ) ) * 100% );--padding-top:0px;--padding-bottom:80px;--padding-left:0px;--padding-right:0px;}.elementor-49 .elementor-element.elementor-element-74e65fc.e-con{--align-self:center;}.elementor-49 .elementor-element.elementor-element-7be36c7{text-align:center;font-family:\"Roboto\", Sans-serif;font-size:52px;font-weight:900;color:var( --e-global-color-accent );}.elementor-49 .elementor-element.elementor-element-13ac76d{--display:flex;--flex-direction:column;--container-widget-width:100%;--container-widget-height:initial;--container-widget-flex-grow:0;--container-widget-align-self:initial;--flex-wrap-mobile:wrap;}.elementor-49 .elementor-element.elementor-element-06f95d3 .jeg-elementor-kit.jkit-postblock .jkit-posts{grid-template-columns:repeat(3, minmax(0, 1fr));grid-column-gap:40px;}.elementor-49 .elementor-element.elementor-element-06f95d3 .jeg-elementor-kit.jkit-postblock .jkit-thumb .thumbnail-container{height:300px;}.elementor-49 .elementor-element.elementor-element-06f95d3 .jeg-elementor-kit.jkit-postblock .jkit-postblock-content{text-align:left;}.elementor-49 .elementor-element.elementor-element-06f95d3 .jeg-elementor-kit.jkit-postblock .jkit-meta-readmore.icon-position-before i, .elementor-49 .elementor-element.elementor-element-06f95d3 .jeg-elementor-kit.jkit-postblock .jkit-meta-readmore.icon-position-before svg{margin-right:5px;}.elementor-49 .elementor-element.elementor-element-06f95d3 .jeg-elementor-kit.jkit-postblock .jkit-meta-readmore.icon-position-after i, .elementor-49 .elementor-element.elementor-element-06f95d3 .jeg-elementor-kit.jkit-postblock .jkit-meta-readmore.icon-position-after svg{margin-left:5px;}.elementor-49 .elementor-element.elementor-element-06f95d3 .jeg-elementor-kit.jkit-postblock .jkit-readmore{background-color:var( --e-global-color-accent );}.elementor-49 .elementor-element.elementor-element-06f95d3 .jeg-elementor-kit.jkit-postblock .jkit-post-meta-bottom{justify-content:space-between;}.elementor-49 .elementor-element.elementor-element-06f95d3 .jeg-elementor-kit.jkit-postblock .jeg_empty_module{text-align:left;}@media(max-width:1024px){.elementor-49 .elementor-element.elementor-element-073ce7a{--min-height:54vh;--align-items:center;--container-widget-width:calc( ( 1 - var( --container-widget-flex-grow ) ) * 100% );--margin-top:-28px;--margin-bottom:0px;--margin-left:0px;--margin-right:0px;--padding-top:120px;--padding-bottom:0px;--padding-left:0px;--padding-right:0px;}.elementor-49 .elementor-element.elementor-element-5fbf148{--padding-top:0px;--padding-bottom:0px;--padding-left:0px;--padding-right:0px;}.elementor-49 .elementor-element.elementor-element-f4f9bcc.elementor-element{--align-self:center;}.elementor-49 .elementor-element.elementor-element-74e65fc{--gap:0px 0px;--row-gap:0px;--column-gap:0px;--padding-top:0px;--padding-bottom:60px;--padding-left:0px;--padding-right:0px;}.elementor-49 .elementor-element.elementor-element-06f95d3 .jeg-elementor-kit.jkit-postblock .jkit-posts{grid-template-columns:repeat(1, minmax(0, 1fr));}}@media(min-width:768px){.elementor-49 .elementor-element.elementor-element-073ce7a{--content-width:1240px;}}@media(max-width:767px){.elementor-49 .elementor-element.elementor-element-073ce7a{--content-width:100%;--min-height:15vh;--margin-top:-45px;--margin-bottom:0px;--margin-left:0px;--margin-right:0px;--padding-top:50px;--padding-bottom:0px;--padding-left:0px;--padding-right:0px;}.elementor-49 .elementor-element.elementor-element-073ce7a .elementor-background-slideshow__slide__image{background-size:cover;background-position:center center;}.elementor-49 .elementor-element.elementor-element-5fbf148{--margin-top:80px;--margin-bottom:73px;--margin-left:0px;--margin-right:0px;--padding-top:60px;--padding-bottom:0px;--padding-left:0px;--padding-right:0px;}.elementor-49 .elementor-element.elementor-element-f4f9bcc{margin:0px 0px calc(var(--kit-widget-spacing, 0px) + 0px) 0px;padding:0px 0px 0px 0px;}.elementor-49 .elementor-element.elementor-element-74e65fc{--margin-top:0px;--margin-bottom:0px;--margin-left:0px;--margin-right:0px;--padding-top:0px;--padding-bottom:0px;--padding-left:0px;--padding-right:0px;}.elementor-49 .elementor-element.elementor-element-7be36c7{font-size:37px;line-height:1em;margin:21px 0px calc(var(--kit-widget-spacing, 0px) + 12px) 0px;padding:0px 0px 0px 0px;width:var( --container-widget-width, 269px );max-width:269px;--container-widget-width:269px;--container-widget-flex-grow:0;}}@media (max-width: 1024px) {.elementor-element.elementor-element-06f95d3 .jeg-elementor-kit.jkit-postblock.postblock-type-1 .jkit-post { display: block; -webkit-box-align: stretch; -ms-flex-align: stretch; align-items: stretch; } }@media (max-width: 1024px) {.elementor-element.elementor-element-06f95d3 .jeg-elementor-kit.jkit-postblock.postblock-type-1 .jkit-thumb { -webkit-box-flex: 1; -ms-flex: 1 0 auto; flex: 1 0 auto; max-width: 100%; } }<\/style>\t\t<div data-elementor-type=\"wp-page\" data-elementor-id=\"49\" class=\"elementor elementor-49\" data-elementor-post-type=\"page\">\n\t\t\t\t<div class=\"elementor-element elementor-element-073ce7a e-flex e-con-boxed e-con e-parent\" data-id=\"073ce7a\" data-element_type=\"container\" data-e-type=\"container\" data-settings=\"{&quot;background_background&quot;:&quot;slideshow&quot;,&quot;background_slideshow_gallery&quot;:[{&quot;id&quot;:383,&quot;url&quot;:&quot;https:\\\/\\\/www.mo-moa.com\\\/wp-content\\\/uploads\\\/2026\\\/02\\\/liveaboard-egypt-blueplanet-xxl.jpg&quot;},{&quot;id&quot;:389,&quot;url&quot;:&quot;https:\\\/\\\/www.mo-moa.com\\\/wp-content\\\/uploads\\\/2026\\\/02\\\/An-aerial-view-on-Hurghada-town-in-Egypt-scaled-1.jpg&quot;}],&quot;background_slideshow_transition_duration&quot;:2000,&quot;background_slideshow_ken_burns&quot;:&quot;yes&quot;,&quot;background_slideshow_slide_duration&quot;:2000,&quot;background_slideshow_lazyload&quot;:&quot;yes&quot;,&quot;background_slideshow_loop&quot;:&quot;yes&quot;,&quot;background_slideshow_slide_transition&quot;:&quot;fade&quot;,&quot;background_slideshow_ken_burns_zoom_direction&quot;:&quot;in&quot;}\">\n\t\t\t\t\t<div class=\"e-con-inner\">\n\t\t<div class=\"elementor-element elementor-element-5fbf148 e-con-full e-flex e-con e-child\" data-id=\"5fbf148\" data-element_type=\"container\" data-e-type=\"container\">\n\t\t\t\t<div class=\"elementor-element elementor-element-f4f9bcc elementor-invisible elementor-widget elementor-widget-text-editor\" data-id=\"f4f9bcc\" data-element_type=\"widget\" data-e-type=\"widget\" data-settings=\"{&quot;_animation&quot;:&quot;fadeIn&quot;}\" data-widget_type=\"text-editor.default\">\n\t\t\t\t\t\t\t\t\t<p><strong>Momoa Beach Resort<\/strong><\/p>\t\t\t\t\t\t\t\t<\/div>\n\t\t<div class=\"elementor-element elementor-element-74e65fc e-flex e-con-boxed elementor-invisible e-con e-child\" data-id=\"74e65fc\" data-element_type=\"container\" data-e-type=\"container\" data-settings=\"{&quot;animation&quot;:&quot;fadeIn&quot;,&quot;animation_delay&quot;:&quot;200&quot;}\">\n\t\t\t\t\t<div class=\"e-con-inner\">\n\t\t\t\t<div class=\"elementor-element elementor-element-7be36c7 elementor-widget-mobile__width-initial elementor-widget elementor-widget-text-editor\" data-id=\"7be36c7\" data-element_type=\"widget\" data-e-type=\"widget\" data-widget_type=\"text-editor.default\">\n\t\t\t\t\t\t\t\t\t<p data-start=\"410\" data-end=\"534\">Blogs &amp; News<\/p>\t\t\t\t\t\t\t\t<\/div>\n\t\t\t\t\t<\/div>\n\t\t\t\t<\/div>\n\t\t\t\t<\/div>\n\t\t\t\t\t<\/div>\n\t\t\t\t<\/div>\n\t\t<div class=\"elementor-element elementor-element-13ac76d e-flex e-con-boxed e-con e-parent\" data-id=\"13ac76d\" data-element_type=\"container\" data-e-type=\"container\">\n\t\t\t\t\t<div class=\"e-con-inner\">\n\t\t\t\t<div class=\"elementor-element elementor-element-06f95d3 elementor-widget elementor-widget-jkit_post_block\" data-id=\"06f95d3\" data-element_type=\"widget\" data-e-type=\"widget\" data-widget_type=\"jkit_post_block.default\">\n\t\t\t\t\t<div  class=\"jeg-elementor-kit jkit-postblock postblock-type-1 jkit-pagination-disable post-element jeg_module___69d7c9d49fabb\"  data-id=\"jeg_module___69d7c9d49fabb\" data-settings=\"{&quot;post_type&quot;:&quot;post&quot;,&quot;number_post&quot;:{&quot;unit&quot;:&quot;px&quot;,&quot;size&quot;:150,&quot;sizes&quot;:[]},&quot;post_offset&quot;:0,&quot;unique_content&quot;:&quot;disable&quot;,&quot;include_post&quot;:&quot;&quot;,&quot;exclude_post&quot;:&quot;&quot;,&quot;include_category&quot;:&quot;&quot;,&quot;exclude_category&quot;:&quot;&quot;,&quot;include_author&quot;:&quot;&quot;,&quot;include_tag&quot;:&quot;&quot;,&quot;exclude_tag&quot;:&quot;&quot;,&quot;category&quot;:&quot;&quot;,&quot;sort_by&quot;:&quot;latest&quot;,&quot;pagination_mode&quot;:&quot;disable&quot;,&quot;pagination_loadmore_text&quot;:&quot;Load More&quot;,&quot;pagination_loading_text&quot;:&quot;Loading...&quot;,&quot;pagination_number_post&quot;:{&quot;unit&quot;:&quot;px&quot;,&quot;size&quot;:3,&quot;sizes&quot;:[]},&quot;pagination_scroll_limit&quot;:0,&quot;pagination_icon&quot;:{&quot;value&quot;:&quot;&quot;,&quot;library&quot;:&quot;&quot;},&quot;pagination_icon_position&quot;:&quot;before&quot;,&quot;st_category_position&quot;:&quot;center&quot;,&quot;sg_content_postblock_type&quot;:&quot;type-1&quot;,&quot;sg_content_element_order&quot;:&quot;title,read&quot;,&quot;sg_content_breakpoint&quot;:&quot;tablet&quot;,&quot;sg_content_title_html_tag&quot;:&quot;h3&quot;,&quot;sg_content_category_enable&quot;:&quot;&quot;,&quot;sg_content_excerpt_enable&quot;:&quot;yes&quot;,&quot;sg_content_excerpt_length&quot;:{&quot;unit&quot;:&quot;px&quot;,&quot;size&quot;:20,&quot;sizes&quot;:[]},&quot;sg_content_excerpt_more&quot;:&quot;...&quot;,&quot;sg_content_readmore_enable&quot;:&quot;yes&quot;,&quot;sg_content_readmore_icon&quot;:{&quot;value&quot;:&quot;fas fa-arrow-right&quot;,&quot;library&quot;:&quot;fa-solid&quot;},&quot;sg_content_readmore_icon_position&quot;:&quot;after&quot;,&quot;sg_content_readmore_text&quot;:&quot;Read More&quot;,&quot;sg_content_comment_enable&quot;:&quot;&quot;,&quot;sg_content_comment_icon&quot;:{&quot;value&quot;:&quot;fas fa-comment&quot;,&quot;library&quot;:&quot;fa-solid&quot;},&quot;sg_content_comment_icon_position&quot;:&quot;before&quot;,&quot;sg_content_meta_enable&quot;:&quot;&quot;,&quot;sg_content_meta_author_enable&quot;:&quot;yes&quot;,&quot;sg_content_meta_author_by_text&quot;:&quot;by&quot;,&quot;sg_content_meta_author_icon&quot;:{&quot;value&quot;:&quot;fas fa-user&quot;,&quot;library&quot;:&quot;fa-solid&quot;},&quot;sg_content_meta_author_icon_position&quot;:&quot;before&quot;,&quot;sg_content_meta_date_enable&quot;:&quot;yes&quot;,&quot;sg_content_meta_date_type&quot;:&quot;published&quot;,&quot;sg_content_meta_date_format&quot;:&quot;default&quot;,&quot;sg_content_meta_date_format_custom&quot;:&quot;F j, Y&quot;,&quot;sg_content_meta_date_icon&quot;:{&quot;value&quot;:&quot;fas fa-clock&quot;,&quot;library&quot;:&quot;fa-solid&quot;},&quot;sg_content_meta_date_icon_position&quot;:&quot;before&quot;,&quot;sg_content_image_size_imagesize_size&quot;:&quot;full&quot;,&quot;paged&quot;:1,&quot;class&quot;:&quot;jkit_post_block&quot;}\"><div class=\"jkit-block-container\"><div class=\"jkit-posts jkit-ajax-flag\">\n            <article class=\"jkit-post post-659 post type-post status-publish format-standard has-post-thumbnail hentry category-uncategorized\">\n                    <div class=\"jkit-thumb\"><a aria-label=\"Why Integrated Coastal Resorts in Hurghada Outperform Traditional Apartment Investments\" href=\"https:\/\/www.mo-moa.com\/de\/2026\/02\/26\/why-integrated-coastal-resorts-in-hurghada-outperform-traditional-apartment-investments\/\"><div class=\"thumbnail-container \">\n            <img loading=\"lazy\" decoding=\"async\" width=\"1600\" height=\"1536\" src=\"https:\/\/www.mo-moa.com\/wp-content\/uploads\/2026\/02\/Image-EQQQTQ6.jpg\" class=\"attachment-full size-full wp-post-image\" alt=\"\" loading=\"lazy\" srcset=\"https:\/\/www.mo-moa.com\/wp-content\/uploads\/2026\/02\/Image-EQQQTQ6.jpg 1600w, https:\/\/www.mo-moa.com\/wp-content\/uploads\/2026\/02\/Image-EQQQTQ6-300x288.jpg 300w, https:\/\/www.mo-moa.com\/wp-content\/uploads\/2026\/02\/Image-EQQQTQ6-1024x983.jpg 1024w, https:\/\/www.mo-moa.com\/wp-content\/uploads\/2026\/02\/Image-EQQQTQ6-768x737.jpg 768w, https:\/\/www.mo-moa.com\/wp-content\/uploads\/2026\/02\/Image-EQQQTQ6-1536x1475.jpg 1536w\" sizes=\"auto, (max-width: 1600px) 100vw, 1600px\" \/>\n        <\/div><\/a><\/div>\n                    <div class=\"jkit-postblock-content\"><h3 class=\"jkit-post-title\">\n\t\t\t\t\t\t\t<a href=\"https:\/\/www.mo-moa.com\/de\/2026\/02\/26\/why-integrated-coastal-resorts-in-hurghada-outperform-traditional-apartment-investments\/\">Why Integrated Coastal Resorts in Hurghada Outperform Traditional Apartment Investments<\/a>\n\t\t\t\t\t\t<\/h3><div class=\"jkit-post-meta-bottom\">\n\t\t\t\t\t\t\t<div class=\"jkit-meta-readmore icon-position-after\">\n                <a title=\"Why Integrated Coastal Resorts in Hurghada Outperform Traditional Apartment Investments\" href=\"https:\/\/www.mo-moa.com\/de\/2026\/02\/26\/why-integrated-coastal-resorts-in-hurghada-outperform-traditional-apartment-investments\/\" class=\"jkit-readmore\">Read More<svg aria-hidden=\"true\" class=\"e-font-icon-svg e-fas-arrow-right\" viewBox=\"0 0 448 512\" xmlns=\"http:\/\/www.w3.org\/2000\/svg\"><path d=\"M190.5 66.9l22.2-22.2c9.4-9.4 24.6-9.4 33.9 0L441 239c9.4 9.4 9.4 24.6 0 33.9L246.6 467.3c-9.4 9.4-24.6 9.4-33.9 0l-22.2-22.2c-9.5-9.5-9.3-25 .4-34.3L311.4 296H24c-13.3 0-24-10.7-24-24v-32c0-13.3 10.7-24 24-24h287.4L190.9 101.2c-9.8-9.3-10-24.8-.4-34.3z\"><\/path><\/svg><\/a>\n            <\/div>\n\t\t\t\t\t\t<\/div><\/div>\n                <\/article><article class=\"jkit-post post-657 post type-post status-publish format-standard has-post-thumbnail hentry category-uncategorized\">\n                    <div class=\"jkit-thumb\"><a aria-label=\"A Complete Guide for Foreigners Buying Property in Egypt (2026 Edition)\" href=\"https:\/\/www.mo-moa.com\/de\/2026\/02\/26\/a-complete-guide-for-foreigners-buying-property-in-egypt-2026-edition\/\"><div class=\"thumbnail-container \">\n            <img loading=\"lazy\" decoding=\"async\" width=\"1755\" height=\"1153\" src=\"https:\/\/www.mo-moa.com\/wp-content\/uploads\/2026\/02\/Momoa-Beach-Resort-slidere-2.jpg\" class=\"attachment-full size-full wp-post-image\" alt=\"\" loading=\"lazy\" srcset=\"https:\/\/www.mo-moa.com\/wp-content\/uploads\/2026\/02\/Momoa-Beach-Resort-slidere-2.jpg 1755w, https:\/\/www.mo-moa.com\/wp-content\/uploads\/2026\/02\/Momoa-Beach-Resort-slidere-2-300x197.jpg 300w, https:\/\/www.mo-moa.com\/wp-content\/uploads\/2026\/02\/Momoa-Beach-Resort-slidere-2-1024x673.jpg 1024w, https:\/\/www.mo-moa.com\/wp-content\/uploads\/2026\/02\/Momoa-Beach-Resort-slidere-2-768x505.jpg 768w, https:\/\/www.mo-moa.com\/wp-content\/uploads\/2026\/02\/Momoa-Beach-Resort-slidere-2-1536x1009.jpg 1536w\" sizes=\"auto, (max-width: 1755px) 100vw, 1755px\" \/>\n        <\/div><\/a><\/div>\n                    <div class=\"jkit-postblock-content\"><h3 class=\"jkit-post-title\">\n\t\t\t\t\t\t\t<a href=\"https:\/\/www.mo-moa.com\/de\/2026\/02\/26\/a-complete-guide-for-foreigners-buying-property-in-egypt-2026-edition\/\">A Complete Guide for Foreigners Buying Property in Egypt (2026 Edition)<\/a>\n\t\t\t\t\t\t<\/h3><div class=\"jkit-post-meta-bottom\">\n\t\t\t\t\t\t\t<div class=\"jkit-meta-readmore icon-position-after\">\n                <a title=\"A Complete Guide for Foreigners Buying Property in Egypt (2026 Edition)\" href=\"https:\/\/www.mo-moa.com\/de\/2026\/02\/26\/a-complete-guide-for-foreigners-buying-property-in-egypt-2026-edition\/\" class=\"jkit-readmore\">Read More<svg aria-hidden=\"true\" class=\"e-font-icon-svg e-fas-arrow-right\" viewBox=\"0 0 448 512\" xmlns=\"http:\/\/www.w3.org\/2000\/svg\"><path d=\"M190.5 66.9l22.2-22.2c9.4-9.4 24.6-9.4 33.9 0L441 239c9.4 9.4 9.4 24.6 0 33.9L246.6 467.3c-9.4 9.4-24.6 9.4-33.9 0l-22.2-22.2c-9.5-9.5-9.3-25 .4-34.3L311.4 296H24c-13.3 0-24-10.7-24-24v-32c0-13.3 10.7-24 24-24h287.4L190.9 101.2c-9.8-9.3-10-24.8-.4-34.3z\"><\/path><\/svg><\/a>\n            <\/div>\n\t\t\t\t\t\t<\/div><\/div>\n                <\/article><article class=\"jkit-post post-651 post type-post status-publish format-standard has-post-thumbnail hentry category-uncategorized\">\n                    <div class=\"jkit-thumb\"><a aria-label=\"Why Hurghada Is Becoming Egypt\u2019s Strongest Real Estate Investment Destination in 2026\" href=\"https:\/\/www.mo-moa.com\/de\/2026\/02\/26\/why-hurghada-is-becoming-egypts-strongest-real-estate-investment-destination-in-2026\/\"><div class=\"thumbnail-container \">\n            <img loading=\"lazy\" decoding=\"async\" width=\"1600\" height=\"1536\" src=\"https:\/\/www.mo-moa.com\/wp-content\/uploads\/2026\/02\/Image-YUZW4MZ.jpg\" class=\"attachment-full size-full wp-post-image\" alt=\"\" loading=\"lazy\" srcset=\"https:\/\/www.mo-moa.com\/wp-content\/uploads\/2026\/02\/Image-YUZW4MZ.jpg 1600w, https:\/\/www.mo-moa.com\/wp-content\/uploads\/2026\/02\/Image-YUZW4MZ-300x288.jpg 300w, https:\/\/www.mo-moa.com\/wp-content\/uploads\/2026\/02\/Image-YUZW4MZ-1024x983.jpg 1024w, https:\/\/www.mo-moa.com\/wp-content\/uploads\/2026\/02\/Image-YUZW4MZ-768x737.jpg 768w, https:\/\/www.mo-moa.com\/wp-content\/uploads\/2026\/02\/Image-YUZW4MZ-1536x1475.jpg 1536w\" sizes=\"auto, (max-width: 1600px) 100vw, 1600px\" \/>\n        <\/div><\/a><\/div>\n                    <div class=\"jkit-postblock-content\"><h3 class=\"jkit-post-title\">\n\t\t\t\t\t\t\t<a href=\"https:\/\/www.mo-moa.com\/de\/2026\/02\/26\/why-hurghada-is-becoming-egypts-strongest-real-estate-investment-destination-in-2026\/\">Why Hurghada Is Becoming Egypt\u2019s Strongest Real Estate Investment Destination in 2026<\/a>\n\t\t\t\t\t\t<\/h3><div class=\"jkit-post-meta-bottom\">\n\t\t\t\t\t\t\t<div class=\"jkit-meta-readmore icon-position-after\">\n                <a title=\"Why Hurghada Is Becoming Egypt\u2019s Strongest Real Estate Investment Destination in 2026\" href=\"https:\/\/www.mo-moa.com\/de\/2026\/02\/26\/why-hurghada-is-becoming-egypts-strongest-real-estate-investment-destination-in-2026\/\" class=\"jkit-readmore\">Read More<svg aria-hidden=\"true\" class=\"e-font-icon-svg e-fas-arrow-right\" viewBox=\"0 0 448 512\" xmlns=\"http:\/\/www.w3.org\/2000\/svg\"><path d=\"M190.5 66.9l22.2-22.2c9.4-9.4 24.6-9.4 33.9 0L441 239c9.4 9.4 9.4 24.6 0 33.9L246.6 467.3c-9.4 9.4-24.6 9.4-33.9 0l-22.2-22.2c-9.5-9.5-9.3-25 .4-34.3L311.4 296H24c-13.3 0-24-10.7-24-24v-32c0-13.3 10.7-24 24-24h287.4L190.9 101.2c-9.8-9.3-10-24.8-.4-34.3z\"><\/path><\/svg><\/a>\n            <\/div>\n\t\t\t\t\t\t<\/div><\/div>\n                <\/article>\n        <\/div><\/div><\/div>\t\t\t\t<\/div>\n\t\t\t\t\t<\/div>\n\t\t\t\t<\/div>\n\t\t\t\t<\/div>\n\t\t","protected":false},"excerpt":{"rendered":"<p>Momoa Beach Resort Blogs &amp; News Beitrag bearbeiten Warum integrierte K\u00fcstenresorts in Hurghada traditionelle Apartmentinvestitionen \u00fcbertreffen Weiterlesen Beitrag bearbeiten Ein vollst\u00e4ndiger Leitfaden f\u00fcr Ausl\u00e4nder, die Immobilien in \u00c4gypten kaufen (Ausgabe 2026) Weiterlesen Beitrag bearbeiten Warum Hurghada sich 2026 zum st\u00e4rksten Immobilieninvestitionsstandort \u00c4gyptens entwickelt Weiterlesen<\/p>","protected":false},"author":1,"featured_media":0,"parent":0,"menu_order":0,"comment_status":"closed","ping_status":"closed","template":"elementor_header_footer","meta":{"_acf_changed":false,"footnotes":""},"class_list":["post-49","page","type-page","status-publish","hentry"],"acf":[],"_links":{"self":[{"href":"https:\/\/www.mo-moa.com\/de\/wp-json\/wp\/v2\/pages\/49","targetHints":{"allow":["GET"]}}],"collection":[{"href":"https:\/\/www.mo-moa.com\/de\/wp-json\/wp\/v2\/pages"}],"about":[{"href":"https:\/\/www.mo-moa.com\/de\/wp-json\/wp\/v2\/types\/page"}],"author":[{"embeddable":true,"href":"https:\/\/www.mo-moa.com\/de\/wp-json\/wp\/v2\/users\/1"}],"replies":[{"embeddable":true,"href":"https:\/\/www.mo-moa.com\/de\/wp-json\/wp\/v2\/comments?post=49"}],"version-history":[{"count":4,"href":"https:\/\/www.mo-moa.com\/de\/wp-json\/wp\/v2\/pages\/49\/revisions"}],"predecessor-version":[{"id":663,"href":"https:\/\/www.mo-moa.com\/de\/wp-json\/wp\/v2\/pages\/49\/revisions\/663"}],"wp:attachment":[{"href":"https:\/\/www.mo-moa.com\/de\/wp-json\/wp\/v2\/media?parent=49"}],"curies":[{"name":"wp","href":"https:\/\/api.w.org\/{rel}","templated":true}]}}